{"id":2,"date":"2015-03-15T08:03:29","date_gmt":"2015-03-15T08:03:29","guid":{"rendered":"http:\/\/danionnet.ch\/camping\/?page_id=2"},"modified":"2018-12-13T21:17:02","modified_gmt":"2018-12-13T20:17:02","slug":"beispiel-seite","status":"publish","type":"page","link":"https:\/\/camping.danionnet.ch\/?page_id=2","title":{"rendered":"Das Wohnmobil"},"content":{"rendered":"\n<p>Unsere rollende Unterkunft ist ein <strong>Knaus Boxstar Family 600<\/strong><\/p>\n\n\n\n<figure class=\"wp-block-image\"><img loading=\"lazy\" decoding=\"async\" width=\"800\" height=\"369\" src=\"https:\/\/camping.danionnet.ch\/wp-content\/uploads\/2015\/03\/2104741.jpg\" alt=\"\" class=\"wp-image-9\" srcset=\"https:\/\/camping.danionnet.ch\/wp-content\/uploads\/2015\/03\/2104741.jpg 800w, https:\/\/camping.danionnet.ch\/wp-content\/uploads\/2015\/03\/2104741-420x194.jpg 420w, https:\/\/camping.danionnet.ch\/wp-content\/uploads\/2015\/03\/2104741-744x343.jpg 744w\" sizes=\"auto, (max-width: 800px) 100vw, 800px\" \/><\/figure>\n\n\n\n<ul class=\"wp-block-gallery columns-2 wp-block-gallery-1 is-layout-flex wp-block-gallery-is-layout-flex\"><li class=\"blocks-gallery-item\"><figure><img loading=\"lazy\" decoding=\"async\" width=\"800\" height=\"534\" src=\"https:\/\/camping.danionnet.ch\/wp-content\/uploads\/2015\/03\/boxstar600_interior2.jpg\" alt=\"\" data-id=\"18\" data-link=\"https:\/\/camping.danionnet.ch\/?attachment_id=18\" class=\"wp-image-18\" srcset=\"https:\/\/camping.danionnet.ch\/wp-content\/uploads\/2015\/03\/boxstar600_interior2.jpg 800w, https:\/\/camping.danionnet.ch\/wp-content\/uploads\/2015\/03\/boxstar600_interior2-420x280.jpg 420w, https:\/\/camping.danionnet.ch\/wp-content\/uploads\/2015\/03\/boxstar600_interior2-744x497.jpg 744w\" sizes=\"auto, (max-width: 800px) 100vw, 800px\" \/><\/figure><\/li><li class=\"blocks-gallery-item\"><figure><img loading=\"lazy\" decoding=\"async\" width=\"400\" height=\"263\" src=\"https:\/\/camping.danionnet.ch\/wp-content\/uploads\/2015\/03\/interior.jpg\" alt=\"\" data-id=\"17\" data-link=\"https:\/\/camping.danionnet.ch\/?attachment_id=17\" class=\"wp-image-17\"\/><\/figure><\/li><li class=\"blocks-gallery-item\"><figure><img loading=\"lazy\" decoding=\"async\" width=\"483\" height=\"187\" src=\"https:\/\/camping.danionnet.ch\/wp-content\/uploads\/2015\/03\/boxstar600-familiy.png\" alt=\"\" data-id=\"15\" data-link=\"https:\/\/camping.danionnet.ch\/?attachment_id=15\" class=\"wp-image-15\" srcset=\"https:\/\/camping.danionnet.ch\/wp-content\/uploads\/2015\/03\/boxstar600-familiy.png 483w, https:\/\/camping.danionnet.ch\/wp-content\/uploads\/2015\/03\/boxstar600-familiy-420x163.png 420w\" sizes=\"auto, (max-width: 483px) 100vw, 483px\" \/><\/figure><\/li><li class=\"blocks-gallery-item\"><figure><img loading=\"lazy\" decoding=\"async\" width=\"688\" height=\"308\" src=\"https:\/\/camping.danionnet.ch\/wp-content\/uploads\/2015\/03\/BoxStarFam600_Betten.jpg\" alt=\"\" data-id=\"14\" data-link=\"https:\/\/camping.danionnet.ch\/?attachment_id=14\" class=\"wp-image-14\" srcset=\"https:\/\/camping.danionnet.ch\/wp-content\/uploads\/2015\/03\/BoxStarFam600_Betten.jpg 688w, https:\/\/camping.danionnet.ch\/wp-content\/uploads\/2015\/03\/BoxStarFam600_Betten-420x188.jpg 420w\" sizes=\"auto, (max-width: 688px) 100vw, 688px\" \/><\/figure><\/li><\/ul>\n\n\n\n<table class=\"wp-block-table\"><tbody><tr><td>Reisepl\u00e4tze<\/td><td>4<\/td><\/tr><tr><td>Schlafpl\u00e4tze<\/td><td>4-5<\/td><\/tr><tr><td>Frischwasser<\/td><td>80 Liter<\/td><\/tr><tr><td>Abwasser<\/td><td>90 Liter<\/td><\/tr><tr><td>K\u00fcche<\/td><td>3-flamm. Gaskocher, 90 Liter K\u00fchlschrank<\/td><\/tr><tr><td>Fahrradhalter f\u00fcr<\/td><td>2 Fahrr\u00e4der<\/td><\/tr><tr><td>Basisfahrzeug<\/td><td>Fiat Ducato 2.3L 130 Multijet<\/td><\/tr><tr><td>Verbrauch<\/td><td>10 l\/100km Diesel<\/td><\/tr><tr><td>L\u00e4nge \/ Breite \/ H\u00f6he<\/td><td>5.99m \/ 2.05m \/ 2.58m<\/td><\/tr><\/tbody><\/table>\n","protected":false},"excerpt":{"rendered":"<p>Unsere rollende Unterkunft ist ein Knaus Boxstar Family 600 Reisepl\u00e4tze 4 Schlafpl\u00e4tze 4-5 Frischwasser 80 Liter Abwasser 90 Liter K\u00fcche 3-flamm. Gaskocher, 90 Liter K\u00fchlschrank Fahrradhalter f\u00fcr 2 Fahrr\u00e4der Basisfahrzeug Fiat Ducato 2.3L 130 Multijet Verbrauch 10 l\/100km Diesel L\u00e4nge \/ Breite \/ H\u00f6he 5.99m \/ 2.05m \/ 2.58m<\/p>\n","protected":false},"author":1,"featured_media":0,"parent":0,"menu_order":1,"comment_status":"open","ping_status":"closed","template":"","meta":{"footnotes":""},"class_list":["post-2","page","type-page","status-publish","hentry"],"_links":{"self":[{"href":"https:\/\/camping.danionnet.ch\/index.php?rest_route=\/wp\/v2\/pages\/2","targetHints":{"allow":["GET"]}}],"collection":[{"href":"https:\/\/camping.danionnet.ch\/index.php?rest_route=\/wp\/v2\/pages"}],"about":[{"href":"https:\/\/camping.danionnet.ch\/index.php?rest_route=\/wp\/v2\/types\/page"}],"author":[{"embeddable":true,"href":"https:\/\/camping.danionnet.ch\/index.php?rest_route=\/wp\/v2\/users\/1"}],"replies":[{"embeddable":true,"href":"https:\/\/camping.danionnet.ch\/index.php?rest_route=%2Fwp%2Fv2%2Fcomments&post=2"}],"version-history":[{"count":15,"href":"https:\/\/camping.danionnet.ch\/index.php?rest_route=\/wp\/v2\/pages\/2\/revisions"}],"predecessor-version":[{"id":257,"href":"https:\/\/camping.danionnet.ch\/index.php?rest_route=\/wp\/v2\/pages\/2\/revisions\/257"}],"wp:attachment":[{"href":"https:\/\/camping.danionnet.ch\/index.php?rest_route=%2Fwp%2Fv2%2Fmedia&parent=2"}],"curies":[{"name":"wp","href":"https:\/\/api.w.org\/{rel}","templated":true}]}}