{"id":29,"date":"2015-03-15T10:46:35","date_gmt":"2015-03-15T09:46:35","guid":{"rendered":"http:\/\/danionnet.ch\/camping\/?page_id=29"},"modified":"2015-05-25T09:16:45","modified_gmt":"2015-05-25T07:16:45","slug":"die-route","status":"publish","type":"page","link":"https:\/\/camping.danionnet.ch\/?page_id=29","title":{"rendered":"Die Route"},"content":{"rendered":"<p><strong>1. Reiseh\u00e4lfte Kroatien<\/strong><br \/>\n<iframe loading=\"lazy\" src=\"https:\/\/www.google.com\/maps\/embed?pb=!1m64!1m12!1m3!1d5855300.95511429!2d9.029685691810158!3d44.22696518822632!2m3!1f0!2f0!3f0!3m2!1i1024!2i768!4f13.1!4m49!3e0!4m5!1s0x479b034b182ce0cf%3A0x636f223ad9679cf5!2sArbon%2C+Schweiz!3m2!1d47.516718999999995!2d9.4316052!4m5!1s0x479d6ecfe1f8ca73%3A0x9d201c7d281d9b0d!2sInnsbruck%2C+%C3%96sterreich!3m2!1d47.2692124!2d11.4041024!4m5!1s0x477eb1daf1d63d89%3A0x7ba3c6f0bd92102f!2sVenedig%2C+Italien!3m2!1d45.440847399999996!2d12.315515099999999!4m5!1s0x47637209729f04d1%3A0x26120dd1806a9b6a!2sKrk%2C+Kroatien!3m2!1d45.0278995!2d14.575211399999999!4m5!1s0x4761fa62d2c0b88f%3A0x12323e1c13f40784!2sZadar%2C+Kroatien!3m2!1d44.119371!2d15.2313648!4m5!1s0x1335420993dd42f7%3A0x8395754b009b5daa!2sTrogir%2C+Kroatien!3m2!1d43.516386999999995!2d16.2501894!4m5!1s0x134b8ba20835e87d%3A0x400ad50862bd500!2sDubrovnik%2C+Kroatien!3m2!1d42.650660599999995!2d18.094423799999998!4m5!1s0x1347e86038baa521%3A0x46018af2c9966bfb!2sBari%2C+Italien!3m2!1d41.117148799999995!2d16.871908299999998!5e0!3m2!1sde!2sus!4v1432538071303\" width=\"600\" height=\"450\" frameborder=\"0\" style=\"border:0\"><\/iframe><\/p>\n<p>Etappenziele:<\/p>\n<ul>\n<li>Venedig<\/li>\n<li>Insel Krk<\/li>\n<li>Zadar<\/li>\n<li>Trogir<\/li>\n<li>Dubrovnik<\/li>\n<li>F\u00e4hre nach Bari<\/li>\n<\/ul>\n<p><strong>2. Reiseh\u00e4lfte Italien<\/strong><br \/>\n<iframe loading=\"lazy\" src=\"https:\/\/www.google.com\/maps\/embed?pb=!1m76!1m12!1m3!1d5699934.781915449!2d14.293447393094281!3d45.767757541217655!2m3!1f0!2f0!3f0!3m2!1i1024!2i768!4f13.1!4m61!3e0!4m5!1s0x1347e86038baa521%3A0x46018af2c9966bfb!2sBari%2C+Italien!3m2!1d41.117148799999995!2d16.871908299999998!4m5!1s0x133ba508f692307d%3A0x91f7c00b522c4be0!2sMonte+Vesuvio%2C+Napoli%2C+Italien!3m2!1d40.821296!2d14.426594!4m5!1s0x133b95adc34c71a1%3A0x4ce8cf14c94f4cdc!2sAmalfik%C3%BCste%2C+Amalfi%2C+Italien!3m2!1d40.633339!2d14.602896!4m5!1s0x132f6196f9928ebb%3A0xb90f770693656e38!2sRom%2C+Italien!3m2!1d41.9027835!2d12.4963655!4m5!1s0x12d5919af0f6598f%3A0xaab80fb5a78478c8!2sPisa%2C+Italien!3m2!1d43.722838599999996!2d10.401688799999999!4m5!1s0x132a3c317c73e353%3A0x4082c90e3e5a6b0!2sSan+Gimignano%2C+Siena%2C+Italien!3m2!1d43.465432299999996!2d11.048549!4m5!1s0x477fe24305febc75%3A0x4079b0bfcbb7df0!2sMaranello%2C+Modena%2C+Italien!3m2!1d44.5096373!2d10.866793399999999!4m5!1s0x4781eef32166794d%3A0x9bec84e886ff2007!2sLazise+VR%2C+Italien!3m2!1d45.506020199999995!2d10.7350716!4m5!1s0x4786c1493f1275e7%3A0x3cffcd13c6740e8d!2sMailand%2C+Italien!3m2!1d45.465421899999996!2d9.1859243!4m5!1s0x479b034b182ce0cf%3A0x636f223ad9679cf5!2sArbon%2C+Schweiz!3m2!1d47.516718999999995!2d9.4316052!5e0!3m2!1sde!2sch!4v1432537926122\" width=\"600\" height=\"450\" frameborder=\"0\" style=\"border:0\"><\/iframe><\/p>\n<p>Etappenziele:<\/p>\n<ul>\n<li>Vesuv und Pompei<\/li>\n<li>Amalfi<\/li>\n<li>Rom<\/li>\n<li>Pisa<\/li>\n<li>San Gimignano<\/li>\n<li>Maranello<\/li>\n<li>Gardasee, nahe Lazise<\/li>\n<li>Mailand<\/li>\n<\/ul>\n","protected":false},"excerpt":{"rendered":"<p>1. Reiseh\u00e4lfte Kroatien Etappenziele: Venedig Insel Krk Zadar Trogir Dubrovnik F\u00e4hre nach Bari 2. Reiseh\u00e4lfte Italien Etappenziele: Vesuv und Pompei Amalfi Rom Pisa San Gimignano Maranello Gardasee, nahe Lazise Mailand<\/p>\n","protected":false},"author":1,"featured_media":0,"parent":0,"menu_order":2,"comment_status":"open","ping_status":"closed","template":"","meta":{"footnotes":""},"class_list":["post-29","page","type-page","status-publish","hentry"],"_links":{"self":[{"href":"https:\/\/camping.danionnet.ch\/index.php?rest_route=\/wp\/v2\/pages\/29","targetHints":{"allow":["GET"]}}],"collection":[{"href":"https:\/\/camping.danionnet.ch\/index.php?rest_route=\/wp\/v2\/pages"}],"about":[{"href":"https:\/\/camping.danionnet.ch\/index.php?rest_route=\/wp\/v2\/types\/page"}],"author":[{"embeddable":true,"href":"https:\/\/camping.danionnet.ch\/index.php?rest_route=\/wp\/v2\/users\/1"}],"replies":[{"embeddable":true,"href":"https:\/\/camping.danionnet.ch\/index.php?rest_route=%2Fwp%2Fv2%2Fcomments&post=29"}],"version-history":[{"count":14,"href":"https:\/\/camping.danionnet.ch\/index.php?rest_route=\/wp\/v2\/pages\/29\/revisions"}],"predecessor-version":[{"id":246,"href":"https:\/\/camping.danionnet.ch\/index.php?rest_route=\/wp\/v2\/pages\/29\/revisions\/246"}],"wp:attachment":[{"href":"https:\/\/camping.danionnet.ch\/index.php?rest_route=%2Fwp%2Fv2%2Fmedia&parent=29"}],"curies":[{"name":"wp","href":"https:\/\/api.w.org\/{rel}","templated":true}]}}